{"id":47,"date":"2020-08-07T13:48:24","date_gmt":"2020-08-07T13:48:24","guid":{"rendered":"https:\/\/steinundbluete.de\/?page_id=47"},"modified":"2020-08-07T13:51:33","modified_gmt":"2020-08-07T13:51:33","slug":"hochzeitsfloristik","status":"publish","type":"page","link":"https:\/\/steinundbluete.de\/index.php\/leistungen\/hochzeitsfloristik\/","title":{"rendered":"Hochzeitsfloristik"},"content":{"rendered":"\n<p>Die Hochzeit- der sch\u00f6nste Tag in Ihrem Leben. Wir komponieren Ihre W\u00fcnsche exklusiv f\u00fcr Sie und das in jeder Preisklasse. Kommen Sie zu uns ins Gesch\u00e4ft und lassen Sie sich individuell in einem Gespr\u00e4ch beraten.<br>  <\/p>\n\n\n\n<p class=\"has-text-align-center\"><em>Eine Liebeserkl\u00e4rung an die Liebe<br>Wenn zwei sich lieben, wenn zwei sich finden,<br>wenn zwei bereit sind, sich ewig zu binden,<br>dann nennen die einen solch Liebe blind,<br>weil sie selbst voller Zweifel und Misstrauen sind.<br>Andere Menschen aber sehen darin<br>Hingabe, Mut und Lebenssinn.<br>Zu dieser Sorte geh\u00f6rt offenbar<br>das vor uns stehende gl\u00fcckliche Paar.<br>Ihr habt Euch entschieden, Ihr habt Euch verm\u00e4hlt,<br>Ihr habt unter vielen einander erw\u00e4hlt.<br>Ihr gabt Euch die Hand, Ihr gabt Euer Wort,<br>Euer \u201eJa\u201c klingt noch nach wie ein sch\u00f6ner Akkord.<br>M\u00f6ge der Himmel, der heut voller Geigen<br>h\u00e4ngt, auch in Zukunft sich strahlend zeigen,<br>m\u00f6ge das Leben gemeinsam gelingen,<br>m\u00f6ge Euer Akkord noch lange erklingen!<\/em><\/p>\n\n\n\n<p class=\"has-text-align-right\"><em>Renate Eggert-Schwarten<\/em><br>   <\/p>\n\n\n\n<p>Wir gehen gerne auf Ihre W\u00fcnsche ein und werden Ihnen mehrere Vorschl\u00e4ge unterbreiten. <br><br>Ob Braut- oder Autoschmuck, Dekoration f\u00fcr Kutsche, Standesamt und Kirche sowie Tischschmuck, das alles k\u00f6nnen Sie beruhigt in unsere H\u00e4nde legen.<\/p>\n\n\n\n<figure class=\"wp-block-gallery columns-3 is-cropped wp-block-gallery-1 is-layout-flex wp-block-gallery-is-layout-flex\"><ul class=\"blocks-gallery-grid\"><li class=\"blocks-gallery-item\"><figure><img loading=\"lazy\" decoding=\"async\" width=\"400\" height=\"267\" src=\"https:\/\/steinundbluete.de\/wp-content\/uploads\/2020\/08\/Autoschmuck.jpg\" alt=\"\" data-id=\"48\" data-full-url=\"https:\/\/steinundbluete.de\/wp-content\/uploads\/2020\/08\/Autoschmuck.jpg\" data-link=\"https:\/\/steinundbluete.de\/?attachment_id=48\" class=\"wp-image-48\" srcset=\"https:\/\/steinundbluete.de\/wp-content\/uploads\/2020\/08\/Autoschmuck.jpg 400w, https:\/\/steinundbluete.de\/wp-content\/uploads\/2020\/08\/Autoschmuck-300x200.jpg 300w\" sizes=\"auto, (max-width: 400px) 100vw, 400px\" \/><figcaption class=\"blocks-gallery-item__caption\">Autoschmuck<\/figcaption><\/figure><\/li><li class=\"blocks-gallery-item\"><figure><img loading=\"lazy\" decoding=\"async\" width=\"300\" height=\"400\" src=\"https:\/\/steinundbluete.de\/wp-content\/uploads\/2020\/08\/braut3.jpg\" alt=\"\" data-id=\"49\" data-full-url=\"https:\/\/steinundbluete.de\/wp-content\/uploads\/2020\/08\/braut3.jpg\" data-link=\"https:\/\/steinundbluete.de\/?attachment_id=49\" class=\"wp-image-49\" srcset=\"https:\/\/steinundbluete.de\/wp-content\/uploads\/2020\/08\/braut3.jpg 300w, https:\/\/steinundbluete.de\/wp-content\/uploads\/2020\/08\/braut3-225x300.jpg 225w\" sizes=\"auto, (max-width: 300px) 100vw, 300px\" \/><figcaption class=\"blocks-gallery-item__caption\">Brautstrau\u00df abflie\u00dfend<\/figcaption><\/figure><\/li><li class=\"blocks-gallery-item\"><figure><img loading=\"lazy\" decoding=\"async\" width=\"300\" height=\"225\" src=\"https:\/\/steinundbluete.de\/wp-content\/uploads\/2020\/08\/Herrenanstecker.jpg\" alt=\"\" data-id=\"52\" data-full-url=\"https:\/\/steinundbluete.de\/wp-content\/uploads\/2020\/08\/Herrenanstecker.jpg\" data-link=\"https:\/\/steinundbluete.de\/?attachment_id=52\" class=\"wp-image-52\"\/><figcaption class=\"blocks-gallery-item__caption\">Herrenanstecker<\/figcaption><\/figure><\/li><li class=\"blocks-gallery-item\"><figure><img loading=\"lazy\" decoding=\"async\" width=\"400\" height=\"267\" src=\"https:\/\/steinundbluete.de\/wp-content\/uploads\/2020\/08\/Tischdeko.jpg\" alt=\"\" data-id=\"53\" data-full-url=\"https:\/\/steinundbluete.de\/wp-content\/uploads\/2020\/08\/Tischdeko.jpg\" data-link=\"https:\/\/steinundbluete.de\/?attachment_id=53\" class=\"wp-image-53\" srcset=\"https:\/\/steinundbluete.de\/wp-content\/uploads\/2020\/08\/Tischdeko.jpg 400w, https:\/\/steinundbluete.de\/wp-content\/uploads\/2020\/08\/Tischdeko-300x200.jpg 300w\" sizes=\"auto, (max-width: 400px) 100vw, 400px\" \/><figcaption class=\"blocks-gallery-item__caption\">Tischdekoration<\/figcaption><\/figure><\/li><\/ul><\/figure>\n","protected":false},"excerpt":{"rendered":"<p>Die Hochzeit- der sch\u00f6nste Tag in Ihrem Leben. Wir komponieren Ihre W\u00fcnsche exklusiv f\u00fcr Sie und das in jeder Preisklasse. Kommen Sie zu uns ins Gesch\u00e4ft und lassen Sie sich individuell in einem Gespr\u00e4ch beraten. Eine Liebeserkl\u00e4rung an die LiebeWenn zwei sich lieben, wenn zwei &#8230;..<\/p>\n","protected":false},"author":2,"featured_media":0,"parent":8,"menu_order":2,"comment_status":"closed","ping_status":"closed","template":"","meta":{"_acf_changed":false,"footnotes":""},"class_list":["post-47","page","type-page","status-publish","hentry"],"acf":[],"yoast_head":"<!-- This site is optimized with the Yoast SEO plugin v27.3 - https:\/\/yoast.com\/product\/yoast-seo-wordpress\/ -->\n<title>Hochzeitsfloristik - Stein und Bl\u00fcte - Floristikfachgesch\u00e4ft<\/title>\n<meta name=\"robots\" content=\"index, follow, max-snippet:-1, max-image-preview:large, max-video-preview:-1\" \/>\n<link rel=\"canonical\" href=\"https:\/\/steinundbluete.de\/index.php\/leistungen\/hochzeitsfloristik\/\" \/>\n<meta property=\"og:locale\" content=\"de_DE\" \/>\n<meta property=\"og:type\" content=\"article\" \/>\n<meta property=\"og:title\" content=\"Hochzeitsfloristik - Stein und Bl\u00fcte - Floristikfachgesch\u00e4ft\" \/>\n<meta property=\"og:description\" content=\"Die Hochzeit- der sch\u00f6nste Tag in Ihrem Leben. Wir komponieren Ihre W\u00fcnsche exklusiv f\u00fcr Sie und das in jeder Preisklasse. Kommen Sie zu uns ins Gesch\u00e4ft und lassen Sie sich individuell in einem Gespr\u00e4ch beraten. Eine Liebeserkl\u00e4rung an die LiebeWenn zwei sich lieben, wenn zwei .....\" \/>\n<meta property=\"og:url\" content=\"https:\/\/steinundbluete.de\/index.php\/leistungen\/hochzeitsfloristik\/\" \/>\n<meta property=\"og:site_name\" content=\"Stein und Bl\u00fcte - Floristikfachgesch\u00e4ft\" \/>\n<meta property=\"article:modified_time\" content=\"2020-08-07T13:51:33+00:00\" \/>\n<meta property=\"og:image\" content=\"https:\/\/steinundbluete.de\/wp-content\/uploads\/2020\/08\/Autoschmuck.jpg\" \/>\n<meta name=\"twitter:card\" content=\"summary_large_image\" \/>\n<meta name=\"twitter:label1\" content=\"Gesch\u00e4tzte Lesezeit\" \/>\n\t<meta name=\"twitter:data1\" content=\"1\u00a0Minute\" \/>\n<script type=\"application\/ld+json\" class=\"yoast-schema-graph\">{\"@context\":\"https:\\\/\\\/schema.org\",\"@graph\":[{\"@type\":\"WebPage\",\"@id\":\"https:\\\/\\\/steinundbluete.de\\\/index.php\\\/leistungen\\\/hochzeitsfloristik\\\/\",\"url\":\"https:\\\/\\\/steinundbluete.de\\\/index.php\\\/leistungen\\\/hochzeitsfloristik\\\/\",\"name\":\"Hochzeitsfloristik - Stein und Bl\u00fcte - Floristikfachgesch\u00e4ft\",\"isPartOf\":{\"@id\":\"https:\\\/\\\/steinundbluete.de\\\/#website\"},\"primaryImageOfPage\":{\"@id\":\"https:\\\/\\\/steinundbluete.de\\\/index.php\\\/leistungen\\\/hochzeitsfloristik\\\/#primaryimage\"},\"image\":{\"@id\":\"https:\\\/\\\/steinundbluete.de\\\/index.php\\\/leistungen\\\/hochzeitsfloristik\\\/#primaryimage\"},\"thumbnailUrl\":\"https:\\\/\\\/steinundbluete.de\\\/wp-content\\\/uploads\\\/2020\\\/08\\\/Autoschmuck.jpg\",\"datePublished\":\"2020-08-07T13:48:24+00:00\",\"dateModified\":\"2020-08-07T13:51:33+00:00\",\"breadcrumb\":{\"@id\":\"https:\\\/\\\/steinundbluete.de\\\/index.php\\\/leistungen\\\/hochzeitsfloristik\\\/#breadcrumb\"},\"inLanguage\":\"de\",\"potentialAction\":[{\"@type\":\"ReadAction\",\"target\":[\"https:\\\/\\\/steinundbluete.de\\\/index.php\\\/leistungen\\\/hochzeitsfloristik\\\/\"]}]},{\"@type\":\"ImageObject\",\"inLanguage\":\"de\",\"@id\":\"https:\\\/\\\/steinundbluete.de\\\/index.php\\\/leistungen\\\/hochzeitsfloristik\\\/#primaryimage\",\"url\":\"https:\\\/\\\/steinundbluete.de\\\/wp-content\\\/uploads\\\/2020\\\/08\\\/Autoschmuck.jpg\",\"contentUrl\":\"https:\\\/\\\/steinundbluete.de\\\/wp-content\\\/uploads\\\/2020\\\/08\\\/Autoschmuck.jpg\",\"width\":400,\"height\":267},{\"@type\":\"BreadcrumbList\",\"@id\":\"https:\\\/\\\/steinundbluete.de\\\/index.php\\\/leistungen\\\/hochzeitsfloristik\\\/#breadcrumb\",\"itemListElement\":[{\"@type\":\"ListItem\",\"position\":1,\"name\":\"Home\",\"item\":\"https:\\\/\\\/steinundbluete.de\\\/\"},{\"@type\":\"ListItem\",\"position\":2,\"name\":\"Leistungen\",\"item\":\"https:\\\/\\\/steinundbluete.de\\\/index.php\\\/leistungen\\\/\"},{\"@type\":\"ListItem\",\"position\":3,\"name\":\"Hochzeitsfloristik\"}]},{\"@type\":\"WebSite\",\"@id\":\"https:\\\/\\\/steinundbluete.de\\\/#website\",\"url\":\"https:\\\/\\\/steinundbluete.de\\\/\",\"name\":\"Stein und Bl\u00fcte - Floristikfachgesch\u00e4ft\",\"description\":\"Herzlich Willkommen bei \u201eStein &amp; Bl\u00fcte\u201c, dem Floristikfachgesch\u00e4ft Ihres Vertrauens.\",\"potentialAction\":[{\"@type\":\"SearchAction\",\"target\":{\"@type\":\"EntryPoint\",\"urlTemplate\":\"https:\\\/\\\/steinundbluete.de\\\/?s={search_term_string}\"},\"query-input\":{\"@type\":\"PropertyValueSpecification\",\"valueRequired\":true,\"valueName\":\"search_term_string\"}}],\"inLanguage\":\"de\"}]}<\/script>\n<!-- \/ Yoast SEO plugin. -->","yoast_head_json":{"title":"Hochzeitsfloristik - Stein und Bl\u00fcte - Floristikfachgesch\u00e4ft","robots":{"index":"index","follow":"follow","max-snippet":"max-snippet:-1","max-image-preview":"max-image-preview:large","max-video-preview":"max-video-preview:-1"},"canonical":"https:\/\/steinundbluete.de\/index.php\/leistungen\/hochzeitsfloristik\/","og_locale":"de_DE","og_type":"article","og_title":"Hochzeitsfloristik - Stein und Bl\u00fcte - Floristikfachgesch\u00e4ft","og_description":"Die Hochzeit- der sch\u00f6nste Tag in Ihrem Leben. Wir komponieren Ihre W\u00fcnsche exklusiv f\u00fcr Sie und das in jeder Preisklasse. Kommen Sie zu uns ins Gesch\u00e4ft und lassen Sie sich individuell in einem Gespr\u00e4ch beraten. Eine Liebeserkl\u00e4rung an die LiebeWenn zwei sich lieben, wenn zwei .....","og_url":"https:\/\/steinundbluete.de\/index.php\/leistungen\/hochzeitsfloristik\/","og_site_name":"Stein und Bl\u00fcte - Floristikfachgesch\u00e4ft","article_modified_time":"2020-08-07T13:51:33+00:00","og_image":[{"url":"https:\/\/steinundbluete.de\/wp-content\/uploads\/2020\/08\/Autoschmuck.jpg","type":"","width":"","height":""}],"twitter_card":"summary_large_image","twitter_misc":{"Gesch\u00e4tzte Lesezeit":"1\u00a0Minute"},"schema":{"@context":"https:\/\/schema.org","@graph":[{"@type":"WebPage","@id":"https:\/\/steinundbluete.de\/index.php\/leistungen\/hochzeitsfloristik\/","url":"https:\/\/steinundbluete.de\/index.php\/leistungen\/hochzeitsfloristik\/","name":"Hochzeitsfloristik - Stein und Bl\u00fcte - Floristikfachgesch\u00e4ft","isPartOf":{"@id":"https:\/\/steinundbluete.de\/#website"},"primaryImageOfPage":{"@id":"https:\/\/steinundbluete.de\/index.php\/leistungen\/hochzeitsfloristik\/#primaryimage"},"image":{"@id":"https:\/\/steinundbluete.de\/index.php\/leistungen\/hochzeitsfloristik\/#primaryimage"},"thumbnailUrl":"https:\/\/steinundbluete.de\/wp-content\/uploads\/2020\/08\/Autoschmuck.jpg","datePublished":"2020-08-07T13:48:24+00:00","dateModified":"2020-08-07T13:51:33+00:00","breadcrumb":{"@id":"https:\/\/steinundbluete.de\/index.php\/leistungen\/hochzeitsfloristik\/#breadcrumb"},"inLanguage":"de","potentialAction":[{"@type":"ReadAction","target":["https:\/\/steinundbluete.de\/index.php\/leistungen\/hochzeitsfloristik\/"]}]},{"@type":"ImageObject","inLanguage":"de","@id":"https:\/\/steinundbluete.de\/index.php\/leistungen\/hochzeitsfloristik\/#primaryimage","url":"https:\/\/steinundbluete.de\/wp-content\/uploads\/2020\/08\/Autoschmuck.jpg","contentUrl":"https:\/\/steinundbluete.de\/wp-content\/uploads\/2020\/08\/Autoschmuck.jpg","width":400,"height":267},{"@type":"BreadcrumbList","@id":"https:\/\/steinundbluete.de\/index.php\/leistungen\/hochzeitsfloristik\/#breadcrumb","itemListElement":[{"@type":"ListItem","position":1,"name":"Home","item":"https:\/\/steinundbluete.de\/"},{"@type":"ListItem","position":2,"name":"Leistungen","item":"https:\/\/steinundbluete.de\/index.php\/leistungen\/"},{"@type":"ListItem","position":3,"name":"Hochzeitsfloristik"}]},{"@type":"WebSite","@id":"https:\/\/steinundbluete.de\/#website","url":"https:\/\/steinundbluete.de\/","name":"Stein und Bl\u00fcte - Floristikfachgesch\u00e4ft","description":"Herzlich Willkommen bei \u201eStein &amp; Bl\u00fcte\u201c, dem Floristikfachgesch\u00e4ft Ihres Vertrauens.","potentialAction":[{"@type":"SearchAction","target":{"@type":"EntryPoint","urlTemplate":"https:\/\/steinundbluete.de\/?s={search_term_string}"},"query-input":{"@type":"PropertyValueSpecification","valueRequired":true,"valueName":"search_term_string"}}],"inLanguage":"de"}]}},"_links":{"self":[{"href":"https:\/\/steinundbluete.de\/index.php\/wp-json\/wp\/v2\/pages\/47","targetHints":{"allow":["GET"]}}],"collection":[{"href":"https:\/\/steinundbluete.de\/index.php\/wp-json\/wp\/v2\/pages"}],"about":[{"href":"https:\/\/steinundbluete.de\/index.php\/wp-json\/wp\/v2\/types\/page"}],"author":[{"embeddable":true,"href":"https:\/\/steinundbluete.de\/index.php\/wp-json\/wp\/v2\/users\/2"}],"replies":[{"embeddable":true,"href":"https:\/\/steinundbluete.de\/index.php\/wp-json\/wp\/v2\/comments?post=47"}],"version-history":[{"count":6,"href":"https:\/\/steinundbluete.de\/index.php\/wp-json\/wp\/v2\/pages\/47\/revisions"}],"predecessor-version":[{"id":60,"href":"https:\/\/steinundbluete.de\/index.php\/wp-json\/wp\/v2\/pages\/47\/revisions\/60"}],"up":[{"embeddable":true,"href":"https:\/\/steinundbluete.de\/index.php\/wp-json\/wp\/v2\/pages\/8"}],"wp:attachment":[{"href":"https:\/\/steinundbluete.de\/index.php\/wp-json\/wp\/v2\/media?parent=47"}],"curies":[{"name":"wp","href":"https:\/\/api.w.org\/{rel}","templated":true}]}}