{"id":79,"date":"2020-08-07T14:14:43","date_gmt":"2020-08-07T14:14:43","guid":{"rendered":"https:\/\/steinundbluete.de\/?page_id=79"},"modified":"2020-08-07T14:15:05","modified_gmt":"2020-08-07T14:15:05","slug":"blumenstraussverwaltung","status":"publish","type":"page","link":"https:\/\/steinundbluete.de\/index.php\/leistungen\/blumenstraussverwaltung\/","title":{"rendered":"Blumenstrau\u00dfverwaltung"},"content":{"rendered":"\n<p>Heutzutage sind die meisten Menschen unter Stress und da kann es schon einmal passieren, dass man den ein oder anderen privaten wichtigen Termin \u00fcbersieht. <br>Zum Beispiel, wenn man Geburtstage, den Muttertag, den Valentinstag, den Kennlerntag oder sogar den Hochzeitstag vergisst, kann das schlimme Folgen nach sich ziehen. <br><br>Doch mit unserem Service wird Ihnen das nicht passieren! Nennen Sie uns Ihre gew\u00fcnschten Daten. Wir erinnern Sie telefonisch und Sie holen die Blumen bei uns ab oder wir liefern Sie zu Ihnen nach Hause.<br><br>Auf Wunsch legen wir auch gerne eine Gl\u00fcckwunschkarte bei.<br>  <\/p>\n\n\n\n<div class=\"wp-block-image\"><figure class=\"aligncenter size-large\"><img loading=\"lazy\" decoding=\"async\" width=\"400\" height=\"267\" src=\"https:\/\/steinundbluete.de\/wp-content\/uploads\/2020\/08\/sonnenblumegruen.jpg\" alt=\"\" class=\"wp-image-80\" srcset=\"https:\/\/steinundbluete.de\/wp-content\/uploads\/2020\/08\/sonnenblumegruen.jpg 400w, https:\/\/steinundbluete.de\/wp-content\/uploads\/2020\/08\/sonnenblumegruen-300x200.jpg 300w\" sizes=\"auto, (max-width: 400px) 100vw, 400px\" \/><\/figure><\/div>\n","protected":false},"excerpt":{"rendered":"<p>Heutzutage sind die meisten Menschen unter Stress und da kann es schon einmal passieren, dass man den ein oder anderen privaten wichtigen Termin \u00fcbersieht. Zum Beispiel, wenn man Geburtstage, den Muttertag, den Valentinstag, den Kennlerntag oder sogar den Hochzeitstag vergisst, kann das schlimme Folgen nach &#8230;..<\/p>\n","protected":false},"author":2,"featured_media":0,"parent":8,"menu_order":4,"comment_status":"closed","ping_status":"closed","template":"","meta":{"_acf_changed":false,"footnotes":""},"class_list":["post-79","page","type-page","status-publish","hentry"],"acf":[],"yoast_head":"<!-- This site is optimized with the Yoast SEO plugin v27.3 - https:\/\/yoast.com\/product\/yoast-seo-wordpress\/ -->\n<title>Blumenstrau\u00dfverwaltung - Stein und Bl\u00fcte - Floristikfachgesch\u00e4ft<\/title>\n<meta name=\"robots\" content=\"index, follow, max-snippet:-1, max-image-preview:large, max-video-preview:-1\" \/>\n<link rel=\"canonical\" href=\"https:\/\/steinundbluete.de\/index.php\/leistungen\/blumenstraussverwaltung\/\" \/>\n<meta property=\"og:locale\" content=\"de_DE\" \/>\n<meta property=\"og:type\" content=\"article\" \/>\n<meta property=\"og:title\" content=\"Blumenstrau\u00dfverwaltung - Stein und Bl\u00fcte - Floristikfachgesch\u00e4ft\" \/>\n<meta property=\"og:description\" content=\"Heutzutage sind die meisten Menschen unter Stress und da kann es schon einmal passieren, dass man den ein oder anderen privaten wichtigen Termin \u00fcbersieht. Zum Beispiel, wenn man Geburtstage, den Muttertag, den Valentinstag, den Kennlerntag oder sogar den Hochzeitstag vergisst, kann das schlimme Folgen nach .....\" \/>\n<meta property=\"og:url\" content=\"https:\/\/steinundbluete.de\/index.php\/leistungen\/blumenstraussverwaltung\/\" \/>\n<meta property=\"og:site_name\" content=\"Stein und Bl\u00fcte - Floristikfachgesch\u00e4ft\" \/>\n<meta property=\"article:modified_time\" content=\"2020-08-07T14:15:05+00:00\" \/>\n<meta property=\"og:image\" content=\"https:\/\/steinundbluete.de\/wp-content\/uploads\/2020\/08\/sonnenblumegruen.jpg\" \/>\n<meta name=\"twitter:card\" content=\"summary_large_image\" \/>\n<script type=\"application\/ld+json\" class=\"yoast-schema-graph\">{\"@context\":\"https:\\\/\\\/schema.org\",\"@graph\":[{\"@type\":\"WebPage\",\"@id\":\"https:\\\/\\\/steinundbluete.de\\\/index.php\\\/leistungen\\\/blumenstraussverwaltung\\\/\",\"url\":\"https:\\\/\\\/steinundbluete.de\\\/index.php\\\/leistungen\\\/blumenstraussverwaltung\\\/\",\"name\":\"Blumenstrau\u00dfverwaltung - Stein und Bl\u00fcte - Floristikfachgesch\u00e4ft\",\"isPartOf\":{\"@id\":\"https:\\\/\\\/steinundbluete.de\\\/#website\"},\"primaryImageOfPage\":{\"@id\":\"https:\\\/\\\/steinundbluete.de\\\/index.php\\\/leistungen\\\/blumenstraussverwaltung\\\/#primaryimage\"},\"image\":{\"@id\":\"https:\\\/\\\/steinundbluete.de\\\/index.php\\\/leistungen\\\/blumenstraussverwaltung\\\/#primaryimage\"},\"thumbnailUrl\":\"https:\\\/\\\/steinundbluete.de\\\/wp-content\\\/uploads\\\/2020\\\/08\\\/sonnenblumegruen.jpg\",\"datePublished\":\"2020-08-07T14:14:43+00:00\",\"dateModified\":\"2020-08-07T14:15:05+00:00\",\"breadcrumb\":{\"@id\":\"https:\\\/\\\/steinundbluete.de\\\/index.php\\\/leistungen\\\/blumenstraussverwaltung\\\/#breadcrumb\"},\"inLanguage\":\"de\",\"potentialAction\":[{\"@type\":\"ReadAction\",\"target\":[\"https:\\\/\\\/steinundbluete.de\\\/index.php\\\/leistungen\\\/blumenstraussverwaltung\\\/\"]}]},{\"@type\":\"ImageObject\",\"inLanguage\":\"de\",\"@id\":\"https:\\\/\\\/steinundbluete.de\\\/index.php\\\/leistungen\\\/blumenstraussverwaltung\\\/#primaryimage\",\"url\":\"https:\\\/\\\/steinundbluete.de\\\/wp-content\\\/uploads\\\/2020\\\/08\\\/sonnenblumegruen.jpg\",\"contentUrl\":\"https:\\\/\\\/steinundbluete.de\\\/wp-content\\\/uploads\\\/2020\\\/08\\\/sonnenblumegruen.jpg\",\"width\":400,\"height\":267},{\"@type\":\"BreadcrumbList\",\"@id\":\"https:\\\/\\\/steinundbluete.de\\\/index.php\\\/leistungen\\\/blumenstraussverwaltung\\\/#breadcrumb\",\"itemListElement\":[{\"@type\":\"ListItem\",\"position\":1,\"name\":\"Home\",\"item\":\"https:\\\/\\\/steinundbluete.de\\\/\"},{\"@type\":\"ListItem\",\"position\":2,\"name\":\"Leistungen\",\"item\":\"https:\\\/\\\/steinundbluete.de\\\/index.php\\\/leistungen\\\/\"},{\"@type\":\"ListItem\",\"position\":3,\"name\":\"Blumenstrau\u00dfverwaltung\"}]},{\"@type\":\"WebSite\",\"@id\":\"https:\\\/\\\/steinundbluete.de\\\/#website\",\"url\":\"https:\\\/\\\/steinundbluete.de\\\/\",\"name\":\"Stein und Bl\u00fcte - Floristikfachgesch\u00e4ft\",\"description\":\"Herzlich Willkommen bei \u201eStein &amp; Bl\u00fcte\u201c, dem Floristikfachgesch\u00e4ft Ihres Vertrauens.\",\"potentialAction\":[{\"@type\":\"SearchAction\",\"target\":{\"@type\":\"EntryPoint\",\"urlTemplate\":\"https:\\\/\\\/steinundbluete.de\\\/?s={search_term_string}\"},\"query-input\":{\"@type\":\"PropertyValueSpecification\",\"valueRequired\":true,\"valueName\":\"search_term_string\"}}],\"inLanguage\":\"de\"}]}<\/script>\n<!-- \/ Yoast SEO plugin. -->","yoast_head_json":{"title":"Blumenstrau\u00dfverwaltung - Stein und Bl\u00fcte - Floristikfachgesch\u00e4ft","robots":{"index":"index","follow":"follow","max-snippet":"max-snippet:-1","max-image-preview":"max-image-preview:large","max-video-preview":"max-video-preview:-1"},"canonical":"https:\/\/steinundbluete.de\/index.php\/leistungen\/blumenstraussverwaltung\/","og_locale":"de_DE","og_type":"article","og_title":"Blumenstrau\u00dfverwaltung - Stein und Bl\u00fcte - Floristikfachgesch\u00e4ft","og_description":"Heutzutage sind die meisten Menschen unter Stress und da kann es schon einmal passieren, dass man den ein oder anderen privaten wichtigen Termin \u00fcbersieht. Zum Beispiel, wenn man Geburtstage, den Muttertag, den Valentinstag, den Kennlerntag oder sogar den Hochzeitstag vergisst, kann das schlimme Folgen nach .....","og_url":"https:\/\/steinundbluete.de\/index.php\/leistungen\/blumenstraussverwaltung\/","og_site_name":"Stein und Bl\u00fcte - Floristikfachgesch\u00e4ft","article_modified_time":"2020-08-07T14:15:05+00:00","og_image":[{"url":"https:\/\/steinundbluete.de\/wp-content\/uploads\/2020\/08\/sonnenblumegruen.jpg","type":"","width":"","height":""}],"twitter_card":"summary_large_image","schema":{"@context":"https:\/\/schema.org","@graph":[{"@type":"WebPage","@id":"https:\/\/steinundbluete.de\/index.php\/leistungen\/blumenstraussverwaltung\/","url":"https:\/\/steinundbluete.de\/index.php\/leistungen\/blumenstraussverwaltung\/","name":"Blumenstrau\u00dfverwaltung - Stein und Bl\u00fcte - Floristikfachgesch\u00e4ft","isPartOf":{"@id":"https:\/\/steinundbluete.de\/#website"},"primaryImageOfPage":{"@id":"https:\/\/steinundbluete.de\/index.php\/leistungen\/blumenstraussverwaltung\/#primaryimage"},"image":{"@id":"https:\/\/steinundbluete.de\/index.php\/leistungen\/blumenstraussverwaltung\/#primaryimage"},"thumbnailUrl":"https:\/\/steinundbluete.de\/wp-content\/uploads\/2020\/08\/sonnenblumegruen.jpg","datePublished":"2020-08-07T14:14:43+00:00","dateModified":"2020-08-07T14:15:05+00:00","breadcrumb":{"@id":"https:\/\/steinundbluete.de\/index.php\/leistungen\/blumenstraussverwaltung\/#breadcrumb"},"inLanguage":"de","potentialAction":[{"@type":"ReadAction","target":["https:\/\/steinundbluete.de\/index.php\/leistungen\/blumenstraussverwaltung\/"]}]},{"@type":"ImageObject","inLanguage":"de","@id":"https:\/\/steinundbluete.de\/index.php\/leistungen\/blumenstraussverwaltung\/#primaryimage","url":"https:\/\/steinundbluete.de\/wp-content\/uploads\/2020\/08\/sonnenblumegruen.jpg","contentUrl":"https:\/\/steinundbluete.de\/wp-content\/uploads\/2020\/08\/sonnenblumegruen.jpg","width":400,"height":267},{"@type":"BreadcrumbList","@id":"https:\/\/steinundbluete.de\/index.php\/leistungen\/blumenstraussverwaltung\/#breadcrumb","itemListElement":[{"@type":"ListItem","position":1,"name":"Home","item":"https:\/\/steinundbluete.de\/"},{"@type":"ListItem","position":2,"name":"Leistungen","item":"https:\/\/steinundbluete.de\/index.php\/leistungen\/"},{"@type":"ListItem","position":3,"name":"Blumenstrau\u00dfverwaltung"}]},{"@type":"WebSite","@id":"https:\/\/steinundbluete.de\/#website","url":"https:\/\/steinundbluete.de\/","name":"Stein und Bl\u00fcte - Floristikfachgesch\u00e4ft","description":"Herzlich Willkommen bei \u201eStein &amp; Bl\u00fcte\u201c, dem Floristikfachgesch\u00e4ft Ihres Vertrauens.","potentialAction":[{"@type":"SearchAction","target":{"@type":"EntryPoint","urlTemplate":"https:\/\/steinundbluete.de\/?s={search_term_string}"},"query-input":{"@type":"PropertyValueSpecification","valueRequired":true,"valueName":"search_term_string"}}],"inLanguage":"de"}]}},"_links":{"self":[{"href":"https:\/\/steinundbluete.de\/index.php\/wp-json\/wp\/v2\/pages\/79","targetHints":{"allow":["GET"]}}],"collection":[{"href":"https:\/\/steinundbluete.de\/index.php\/wp-json\/wp\/v2\/pages"}],"about":[{"href":"https:\/\/steinundbluete.de\/index.php\/wp-json\/wp\/v2\/types\/page"}],"author":[{"embeddable":true,"href":"https:\/\/steinundbluete.de\/index.php\/wp-json\/wp\/v2\/users\/2"}],"replies":[{"embeddable":true,"href":"https:\/\/steinundbluete.de\/index.php\/wp-json\/wp\/v2\/comments?post=79"}],"version-history":[{"count":1,"href":"https:\/\/steinundbluete.de\/index.php\/wp-json\/wp\/v2\/pages\/79\/revisions"}],"predecessor-version":[{"id":82,"href":"https:\/\/steinundbluete.de\/index.php\/wp-json\/wp\/v2\/pages\/79\/revisions\/82"}],"up":[{"embeddable":true,"href":"https:\/\/steinundbluete.de\/index.php\/wp-json\/wp\/v2\/pages\/8"}],"wp:attachment":[{"href":"https:\/\/steinundbluete.de\/index.php\/wp-json\/wp\/v2\/media?parent=79"}],"curies":[{"name":"wp","href":"https:\/\/api.w.org\/{rel}","templated":true}]}}